{"id":446,"date":"2024-08-29T10:31:29","date_gmt":"2024-08-29T10:31:29","guid":{"rendered":"https:\/\/cyber-stratusai.pro\/?page_id=446"},"modified":"2024-12-11T11:21:02","modified_gmt":"2024-12-11T11:21:02","slug":"blog","status":"publish","type":"page","link":"https:\/\/cyber-stratusai.pro\/fr\/blog\/","title":{"rendered":"Blog"},"content":{"rendered":"<div data-elementor-type=\"wp-page\" data-elementor-id=\"446\" class=\"elementor elementor-446\" data-elementor-post-type=\"page\">\n\t\t\t\t<div class=\"elementor-element elementor-element-6896c95 e-flex e-con-boxed e-con e-parent\" data-id=\"6896c95\" data-element_type=\"container\" data-e-type=\"container\" data-settings=\"{&quot;background_background&quot;:&quot;classic&quot;}\">\n\t\t\t\t\t<div class=\"e-con-inner\">\n\t\t<div class=\"elementor-element elementor-element-59ee9bb e-con-full e-flex e-con e-child\" data-id=\"59ee9bb\" data-element_type=\"container\" data-e-type=\"container\">\n\t\t\t\t<div class=\"elementor-element elementor-element-86b175e elementor-widget elementor-widget-heading\" data-id=\"86b175e\" data-element_type=\"widget\" data-e-type=\"widget\" data-widget_type=\"heading.default\">\n\t\t\t\t\t<h1 class=\"elementor-heading-title elementor-size-default\">Blog<\/h1>\t\t\t\t<\/div>\n\t\t\t\t<\/div>\n\t\t\t\t\t<\/div>\n\t\t\t\t<\/div>\n\t\t<div class=\"elementor-element elementor-element-241400c e-flex e-con-boxed e-con e-parent\" data-id=\"241400c\" data-element_type=\"container\" data-e-type=\"container\">\n\t\t\t\t\t<div class=\"e-con-inner\">\n\t\t\t\t<div class=\"elementor-element elementor-element-82036ee elementor-widget elementor-widget-spacer\" data-id=\"82036ee\" data-element_type=\"widget\" data-e-type=\"widget\" data-widget_type=\"spacer.default\">\n\t\t\t\t\t\t\t<div class=\"elementor-spacer\">\n\t\t\t<div class=\"elementor-spacer-inner\"><\/div>\n\t\t<\/div>\n\t\t\t\t\t\t<\/div>\n\t\t\t\t\t<\/div>\n\t\t\t\t<\/div>\n\t\t<div class=\"elementor-element elementor-element-6cce70b e-flex e-con-boxed e-con e-parent\" data-id=\"6cce70b\" data-element_type=\"container\" data-e-type=\"container\">\n\t\t\t\t\t<div class=\"e-con-inner\">\n\t\t\t\t<div class=\"elementor-element elementor-element-37dc32b elementor-grid-3 elementor-grid-tablet-2 elementor-grid-mobile-1 elementor-posts--thumbnail-top elementor-widget elementor-widget-posts\" data-id=\"37dc32b\" data-element_type=\"widget\" data-e-type=\"widget\" data-settings=\"{&quot;classic_columns&quot;:&quot;3&quot;,&quot;classic_columns_tablet&quot;:&quot;2&quot;,&quot;classic_columns_mobile&quot;:&quot;1&quot;,&quot;classic_row_gap&quot;:{&quot;unit&quot;:&quot;px&quot;,&quot;size&quot;:35,&quot;sizes&quot;:[]},&quot;classic_row_gap_tablet&quot;:{&quot;unit&quot;:&quot;px&quot;,&quot;size&quot;:&quot;&quot;,&quot;sizes&quot;:[]},&quot;classic_row_gap_mobile&quot;:{&quot;unit&quot;:&quot;px&quot;,&quot;size&quot;:&quot;&quot;,&quot;sizes&quot;:[]}}\" data-widget_type=\"posts.classic\">\n\t\t\t\t<div class=\"elementor-widget-container\">\n\t\t\t\t\t\t\t<div class=\"elementor-posts-container elementor-posts elementor-posts--skin-classic elementor-grid\" role=\"list\">\n\t\t\t\t<article class=\"elementor-post elementor-grid-item post-758 post type-post status-publish format-standard has-post-thumbnail hentry category-blog\" role=\"listitem\">\n\t\t\t\t<a class=\"elementor-post__thumbnail__link\" href=\"https:\/\/cyber-stratusai.pro\/fr\/future-trends-in-cyber-stratus-ai\/\" tabindex=\"-1\">\n\t\t\t<div class=\"elementor-post__thumbnail\"><img fetchpriority=\"high\" decoding=\"async\" width=\"300\" height=\"169\" src=\"https:\/\/cyber-stratusai.pro\/wp-content\/uploads\/2024\/11\/cyber-stratuss-ai-300x169.webp\" class=\"attachment-medium size-medium wp-image-760\" alt=\"cyber startus ai\" srcset=\"https:\/\/cyber-stratusai.pro\/wp-content\/uploads\/2024\/11\/cyber-stratuss-ai-300x169.webp 300w, https:\/\/cyber-stratusai.pro\/wp-content\/uploads\/2024\/11\/cyber-stratuss-ai-1024x576.webp 1024w, https:\/\/cyber-stratusai.pro\/wp-content\/uploads\/2024\/11\/cyber-stratuss-ai-768x432.webp 768w, https:\/\/cyber-stratusai.pro\/wp-content\/uploads\/2024\/11\/cyber-stratuss-ai-18x10.webp 18w, https:\/\/cyber-stratusai.pro\/wp-content\/uploads\/2024\/11\/cyber-stratuss-ai.webp 1200w\" sizes=\"(max-width: 300px) 100vw, 300px\" \/><\/div>\n\t\t<\/a>\n\t\t\t\t<div class=\"elementor-post__text\">\n\t\t\t\t<h3 class=\"elementor-post__title\">\n\t\t\t<a href=\"https:\/\/cyber-stratusai.pro\/fr\/future-trends-in-cyber-stratus-ai\/\">\n\t\t\t\tTendances futures de l'IA du cyber-strat\u00e8ge : ce \u00e0 quoi on peut s'attendre dans les ann\u00e9es \u00e0 venir\t\t\t<\/a>\n\t\t<\/h3>\n\t\t\t\t<div class=\"elementor-post__meta-data\">\n\t\t\t\t\t<span class=\"elementor-post-date\">\n\t\t\t6 novembre 2024\t\t<\/span>\n\t\t\t\t<span class=\"elementor-post-avatar\">\n\t\t\tAucun commentaire\t\t<\/span>\n\t\t\t\t<\/div>\n\t\t\t\t<div class=\"elementor-post__excerpt\">\n\t\t\t<p>Vous \u00eates un trader d\u00e9butant ou exp\u00e9riment\u00e9 et vous vous d\u00e9battez encore avec vos \u00e9motions et vos activit\u00e9s de trading fastidieuses ?  L'IA est en train de faire des miracles dans ce domaine.<\/p>\n\t\t<\/div>\n\t\t\n\t\t<a class=\"elementor-post__read-more\" href=\"https:\/\/cyber-stratusai.pro\/fr\/future-trends-in-cyber-stratus-ai\/\" aria-label=\"En savoir plus sur Future Trends in Cyber Stratus AI: What to Expect in the Coming Years\" tabindex=\"-1\">\n\t\t\tLire plus \"\t\t<\/a>\n\n\t\t\t\t<\/div>\n\t\t\t\t<\/article>\n\t\t\t\t<article class=\"elementor-post elementor-grid-item post-734 post type-post status-publish format-standard has-post-thumbnail hentry category-blog\" role=\"listitem\">\n\t\t\t\t<a class=\"elementor-post__thumbnail__link\" href=\"https:\/\/cyber-stratusai.pro\/fr\/cyber-stratus-ai-for-smart-investing\/\" tabindex=\"-1\">\n\t\t\t<div class=\"elementor-post__thumbnail\"><img decoding=\"async\" width=\"300\" height=\"158\" src=\"https:\/\/cyber-stratusai.pro\/wp-content\/uploads\/2024\/10\/Cyber-Stratus-AI-for-Smart-Investing-1-300x158.webp\" class=\"attachment-medium size-medium wp-image-736\" alt=\"Cyber Stratus AI pour des investissements intelligents\" srcset=\"https:\/\/cyber-stratusai.pro\/wp-content\/uploads\/2024\/10\/Cyber-Stratus-AI-for-Smart-Investing-1-300x158.webp 300w, https:\/\/cyber-stratusai.pro\/wp-content\/uploads\/2024\/10\/Cyber-Stratus-AI-for-Smart-Investing-1-1024x538.webp 1024w, https:\/\/cyber-stratusai.pro\/wp-content\/uploads\/2024\/10\/Cyber-Stratus-AI-for-Smart-Investing-1-768x403.webp 768w, https:\/\/cyber-stratusai.pro\/wp-content\/uploads\/2024\/10\/Cyber-Stratus-AI-for-Smart-Investing-1-18x9.webp 18w, https:\/\/cyber-stratusai.pro\/wp-content\/uploads\/2024\/10\/Cyber-Stratus-AI-for-Smart-Investing-1.webp 1200w\" sizes=\"(max-width: 300px) 100vw, 300px\" \/><\/div>\n\t\t<\/a>\n\t\t\t\t<div class=\"elementor-post__text\">\n\t\t\t\t<h3 class=\"elementor-post__title\">\n\t\t\t<a href=\"https:\/\/cyber-stratusai.pro\/fr\/cyber-stratus-ai-for-smart-investing\/\">\n\t\t\t\tD\u00e9bloquer des profits gr\u00e2ce \u00e0 l'IA de Cyber Stratus pour des investissements intelligents\t\t\t<\/a>\n\t\t<\/h3>\n\t\t\t\t<div class=\"elementor-post__meta-data\">\n\t\t\t\t\t<span class=\"elementor-post-date\">\n\t\t\t9 octobre 2024\t\t<\/span>\n\t\t\t\t<span class=\"elementor-post-avatar\">\n\t\t\tAucun commentaire\t\t<\/span>\n\t\t\t\t<\/div>\n\t\t\t\t<div class=\"elementor-post__excerpt\">\n\t\t\t<p>Bienvenue sur le site de Cyber Stratus AI for Smart Investing. Dans le monde stimulant du trading, les investisseurs sont souvent d\u00e9sorient\u00e9s. Ils ont besoin de conseils sur la finance et les march\u00e9s financiers<\/p>\n\t\t<\/div>\n\t\t\n\t\t<a class=\"elementor-post__read-more\" href=\"https:\/\/cyber-stratusai.pro\/fr\/cyber-stratus-ai-for-smart-investing\/\" aria-label=\"En savoir plus sur Unlock Profits with Cyber Stratus AI for Smart Investing\" tabindex=\"-1\">\n\t\t\tLire plus \"\t\t<\/a>\n\n\t\t\t\t<\/div>\n\t\t\t\t<\/article>\n\t\t\t\t<article class=\"elementor-post elementor-grid-item post-579 post type-post status-publish format-standard has-post-thumbnail hentry category-blog\" role=\"listitem\">\n\t\t\t\t<a class=\"elementor-post__thumbnail__link\" href=\"https:\/\/cyber-stratusai.pro\/fr\/enhance-trading-strategies-for-beginners-with-cyber-stratus-ai\/\" tabindex=\"-1\">\n\t\t\t<div class=\"elementor-post__thumbnail\"><img decoding=\"async\" width=\"300\" height=\"157\" src=\"https:\/\/cyber-stratusai.pro\/wp-content\/uploads\/2024\/09\/10964715-300x157.webp\" class=\"attachment-medium size-medium wp-image-581\" alt=\"Cyber Stratus AI\" srcset=\"https:\/\/cyber-stratusai.pro\/wp-content\/uploads\/2024\/09\/10964715-300x157.webp 300w, https:\/\/cyber-stratusai.pro\/wp-content\/uploads\/2024\/09\/10964715-1024x536.webp 1024w, https:\/\/cyber-stratusai.pro\/wp-content\/uploads\/2024\/09\/10964715-768x402.webp 768w, https:\/\/cyber-stratusai.pro\/wp-content\/uploads\/2024\/09\/10964715-18x9.webp 18w, https:\/\/cyber-stratusai.pro\/wp-content\/uploads\/2024\/09\/10964715.webp 1200w\" sizes=\"(max-width: 300px) 100vw, 300px\" \/><\/div>\n\t\t<\/a>\n\t\t\t\t<div class=\"elementor-post__text\">\n\t\t\t\t<h3 class=\"elementor-post__title\">\n\t\t\t<a href=\"https:\/\/cyber-stratusai.pro\/fr\/enhance-trading-strategies-for-beginners-with-cyber-stratus-ai\/\">\n\t\t\t\tComment Cyber \u200b\u200bStratus AI am\u00e9liore les strat\u00e9gies de trading pour les d\u00e9butants et les experts\t\t\t<\/a>\n\t\t<\/h3>\n\t\t\t\t<div class=\"elementor-post__meta-data\">\n\t\t\t\t\t<span class=\"elementor-post-date\">\n\t\t\t12 septembre 2024\t\t<\/span>\n\t\t\t\t<span class=\"elementor-post-avatar\">\n\t\t\tAucun commentaire\t\t<\/span>\n\t\t\t\t<\/div>\n\t\t\t\t<div class=\"elementor-post__excerpt\">\n\t\t\t<p>\u00c0 quoi sert Cyber Stratus AI ? Cyber Stratus AI est un partenaire commercial pour ses utilisateurs. Il s'agit d'une application web qui permet d'\u00e9changer des actifs financiers virtuels tels que les crypto-monnaies. Il<\/p>\n\t\t<\/div>\n\t\t\n\t\t<a class=\"elementor-post__read-more\" href=\"https:\/\/cyber-stratusai.pro\/fr\/enhance-trading-strategies-for-beginners-with-cyber-stratus-ai\/\" aria-label=\"En savoir plus sur How Cyber Stratus AI Enhances Trading Strategies for Beginners and Experts Alike\" tabindex=\"-1\">\n\t\t\tLire plus \"\t\t<\/a>\n\n\t\t\t\t<\/div>\n\t\t\t\t<\/article>\n\t\t\t\t<\/div>\n\t\t\n\t\t\t\t\t\t<\/div>\n\t\t\t\t<\/div>\n\t\t\t\t\t<\/div>\n\t\t\t\t<\/div>\n\t\t<div class=\"elementor-element elementor-element-b9160c9 e-flex e-con-boxed e-con e-parent\" data-id=\"b9160c9\" data-element_type=\"container\" data-e-type=\"container\">\n\t\t\t\t\t<div class=\"e-con-inner\">\n\t\t\t\t<div class=\"elementor-element elementor-element-64dce86 elementor-widget elementor-widget-spacer\" data-id=\"64dce86\" data-element_type=\"widget\" data-e-type=\"widget\" data-widget_type=\"spacer.default\">\n\t\t\t\t\t\t\t<div class=\"elementor-spacer\">\n\t\t\t<div class=\"elementor-spacer-inner\"><\/div>\n\t\t<\/div>\n\t\t\t\t\t\t<\/div>\n\t\t\t\t\t<\/div>\n\t\t\t\t<\/div>\n\t\t\t\t<\/div>","protected":false},"excerpt":{"rendered":"<p>Blog<\/p>","protected":false},"author":1,"featured_media":0,"parent":0,"menu_order":0,"comment_status":"closed","ping_status":"closed","template":"","meta":{"footnotes":""},"class_list":["post-446","page","type-page","status-publish","hentry"],"_links":{"self":[{"href":"https:\/\/cyber-stratusai.pro\/fr\/wp-json\/wp\/v2\/pages\/446","targetHints":{"allow":["GET"]}}],"collection":[{"href":"https:\/\/cyber-stratusai.pro\/fr\/wp-json\/wp\/v2\/pages"}],"about":[{"href":"https:\/\/cyber-stratusai.pro\/fr\/wp-json\/wp\/v2\/types\/page"}],"author":[{"embeddable":true,"href":"https:\/\/cyber-stratusai.pro\/fr\/wp-json\/wp\/v2\/users\/1"}],"replies":[{"embeddable":true,"href":"https:\/\/cyber-stratusai.pro\/fr\/wp-json\/wp\/v2\/comments?post=446"}],"version-history":[{"count":0,"href":"https:\/\/cyber-stratusai.pro\/fr\/wp-json\/wp\/v2\/pages\/446\/revisions"}],"wp:attachment":[{"href":"https:\/\/cyber-stratusai.pro\/fr\/wp-json\/wp\/v2\/media?parent=446"}],"curies":[{"name":"wp","href":"https:\/\/api.w.org\/{rel}","templated":true}]}}