{"id":162,"date":"2024-08-20T08:15:51","date_gmt":"2024-08-20T08:15:51","guid":{"rendered":"https:\/\/cyber-stratusai.pro\/?page_id=162"},"modified":"2025-09-09T07:15:15","modified_gmt":"2025-09-09T07:15:15","slug":"nous-contacter","status":"publish","type":"page","link":"https:\/\/cyber-stratusai.pro\/fr\/contact-us\/","title":{"rendered":"Contactez-nous"},"content":{"rendered":"<div data-elementor-type=\"wp-page\" data-elementor-id=\"162\" class=\"elementor elementor-162\" data-elementor-post-type=\"page\">\n\t\t\t\t<div class=\"elementor-element elementor-element-34d24c1 e-flex e-con-boxed e-con e-parent\" data-id=\"34d24c1\" data-element_type=\"container\" data-e-type=\"container\" data-settings=\"{&quot;background_background&quot;:&quot;classic&quot;}\">\n\t\t\t\t\t<div class=\"e-con-inner\">\n\t\t\t\t<div class=\"elementor-element elementor-element-974a025 elementor-widget elementor-widget-spacer\" data-id=\"974a025\" data-element_type=\"widget\" data-e-type=\"widget\" data-widget_type=\"spacer.default\">\n\t\t\t\t\t\t\t<div class=\"elementor-spacer\">\n\t\t\t<div class=\"elementor-spacer-inner\"><\/div>\n\t\t<\/div>\n\t\t\t\t\t\t<\/div>\n\t\t\t\t<div class=\"elementor-element elementor-element-45d09dc elementor-widget elementor-widget-heading\" data-id=\"45d09dc\" data-element_type=\"widget\" data-e-type=\"widget\" data-widget_type=\"heading.default\">\n\t\t\t\t\t<h1 class=\"elementor-heading-title elementor-size-default\">Cyber \u200b\u200bStratus AI \u2013 Contactez-nous<\/h1>\t\t\t\t<\/div>\n\t\t\t\t<div class=\"elementor-element elementor-element-869e9ca elementor-widget elementor-widget-spacer\" data-id=\"869e9ca\" data-element_type=\"widget\" data-e-type=\"widget\" data-widget_type=\"spacer.default\">\n\t\t\t\t\t\t\t<div class=\"elementor-spacer\">\n\t\t\t<div class=\"elementor-spacer-inner\"><\/div>\n\t\t<\/div>\n\t\t\t\t\t\t<\/div>\n\t\t\t\t\t<\/div>\n\t\t\t\t<\/div>\n\t\t<div class=\"elementor-element elementor-element-1df6074 e-flex e-con-boxed e-con e-parent\" data-id=\"1df6074\" data-element_type=\"container\" data-e-type=\"container\" data-settings=\"{&quot;background_background&quot;:&quot;classic&quot;}\">\n\t\t\t\t\t<div class=\"e-con-inner\">\n\t\t<div class=\"elementor-element elementor-element-1031846 e-con-full e-flex e-con e-child\" data-id=\"1031846\" data-element_type=\"container\" data-e-type=\"container\">\n\t\t\t\t<div class=\"elementor-element elementor-element-4156529 elementor-widget elementor-widget-heading\" data-id=\"4156529\" data-element_type=\"widget\" data-e-type=\"widget\" data-widget_type=\"heading.default\">\n\t\t\t\t\t<h2 class=\"elementor-heading-title elementor-size-default\">Cyber Stratus AI<\/h2>\t\t\t\t<\/div>\n\t\t\t\t<div class=\"elementor-element elementor-element-2e991d4 elementor-widget elementor-widget-text-editor\" data-id=\"2e991d4\" data-element_type=\"widget\" data-e-type=\"widget\" data-widget_type=\"text-editor.default\">\n\t\t\t\t\t\t\t\t\t<p>Sur la plateforme de trading Cyber \u200b\u200bStratus AI, nous nous engageons \u00e0 vous fournir les meilleurs services d'assistance client pour am\u00e9liorer votre exp\u00e9rience globale de trading.<\/p><p>L'objectif fondamental est de garantir que vous tiriez le meilleur parti de notre syst\u00e8me tout en b\u00e9n\u00e9ficiant de la meilleure exp\u00e9rience possible. Et pour atteindre cet objectif, nous nous sommes associ\u00e9s \u00e0 certains des courtiers les plus fiables et dignes de confiance du march\u00e9. De plus, cela est gratuit. Par cons\u00e9quent, vous pouvez obtenir les conseils d\u2019experts dont vous avez besoin, gr\u00e2ce \u00e0 notre alliance avec des courtiers en ligne respect\u00e9s et agr\u00e9\u00e9s.<\/p>\t\t\t\t\t\t\t\t<\/div>\n\t\t\t\t<div class=\"elementor-element elementor-element-06b22ba elementor-widget elementor-widget-button\" data-id=\"06b22ba\" data-element_type=\"widget\" data-e-type=\"widget\" data-widget_type=\"button.default\">\n\t\t\t\t\t\t\t\t\t\t<a class=\"elementor-button elementor-button-link elementor-size-sm\" href=\"#replain-link\">\n\t\t\t\t\t\t<span class=\"elementor-button-content-wrapper\">\n\t\t\t\t\t\t\t\t\t<span class=\"elementor-button-text\">LANCER UN CHAT EN DIRECT<\/span>\n\t\t\t\t\t<\/span>\n\t\t\t\t\t<\/a>\n\t\t\t\t\t\t\t\t<\/div>\n\t\t\t\t<\/div>\n\t\t<div class=\"elementor-element elementor-element-5667256 e-con-full e-flex e-con e-child\" data-id=\"5667256\" data-element_type=\"container\" data-e-type=\"container\">\n\t\t\t\t<div class=\"elementor-element elementor-element-be24bad elementor-widget elementor-widget-shortcode\" data-id=\"be24bad\" data-element_type=\"widget\" data-e-type=\"widget\" data-widget_type=\"shortcode.default\">\n\t\t\t\t\t\t\t<div class=\"elementor-shortcode\"><style>\n\t.form-wrapper-trade .formheading {\n\t\tfont-size: 28;\n\t\tfont-weight: 600;\n\t}\n\n\t@media screen and (max-width: 768px) {\n\t\t.form-wrapper-trade .formheading {\n\t\t\tfont-size: 22;\n\t\t\tfont-weight: 600;\n\t\t}\n\t}\n\t.form-wrapper-trade,\n\t#customFormWidget {\n\t\tfont-family: 'Poppins', sans-serif;\n\t}\n\t.form-wrapper-trade {\n\t\twidth: 100%;\n\t\tmax-width: 100%; \n\t\tbackground: #ffffff;\n\t\tmargin: 0 auto;\n\t\tpadding: 25px 30px;\n\t\tborder-radius: 10px;\n\t\tbox-shadow: 0 5px 15px rgba(0,0,0,0.1);\n        \/* margin-bottom: 30px !important; *\/\n\t}\n\t@media screen and (max-width: 991px) {\n\t\t.form-wrapper-trade {\n\t\t\twidth: 100% !important;\n\t\t\tmax-width: 100%;\n\t\t}\n\t}\n\n\t.form-label {\n\t\tdisplay: block;\n\t\tmargin-bottom: 5px;\n\t\tfont-weight: 500;\n\t\tcolor: #000000 !important;\n\t}\n\tbutton.form-control {\n\t\ttransition: all 0.3s ease;\n\t}\n<\/style>\n<div class=\"form-wrapper-trade\" style=\"max-width: 500px; margin: 0 auto;\">\n\t<div class=\"preloader\" id=\"preloader\"><div class=\"spinner\"><\/div><\/div>\n\n\t<p class=\"formheading form-label\">CAPITALISEZ SUR LES DERNI\u00c8RES \u00c9VOLUTIONS DU MARCH\u00c9<\/p>\n\n\t<form id=\"customFormWidget\" autocomplete=\"off\" action=\"\">\n\t\t<div class=\"form-group\">\n\t\t\t<label for=\"firstName\" class=\"form-label\">Pr\u00e9nom<\/label>\n\t\t\t<input id=\"firstName\" name=\"firstName\" type=\"text\" class=\"form-control\" required \/>\n\t\t<\/div>\n\n\t\t<div class=\"form-group\">\n\t\t\t<label for=\"lastName\" class=\"form-label\">Nom de famille<\/label>\n\t\t\t<input id=\"lastName\" name=\"lastName\" type=\"text\" class=\"form-control\" required \/>\n\t\t<\/div>\n\n\t\t<div class=\"form-group\">\n\t\t\t<label for=\"email\" class=\"form-label\">E-mail<\/label>\n\t\t\t<input id=\"email\" name=\"email\" type=\"email\" class=\"form-control\" required \/>\n\t\t<\/div>\n\n\t\t<div class=\"form-group\">\n\t\t\t<label for=\"phone\" class=\"form-label\">Num\u00e9ro de t\u00e9l\u00e9phone<\/label>\n\t\t\t<input id=\"phone\" name=\"phone\" type=\"tel\" class=\"form-control\" style=\"width:100%\" required \/>\n\t\t<\/div>\n\n\t\t<div class=\"form-group\">\n\t\t\t<button \n\t\t\t\t\ttype=\"submit\" \n\t\t\t\t\tclass=\"form-control\"\n\t\t\t\t\tstyle=\"background-color: #fffc00; \t\t\t\t\t\t   color: #000000; \t\t\t\t\t\t   border-radius: 5px;\">\n\t\t\t\tINSCRIVEZ-VOUS MAINTENANT\t\t\t<\/button>\n\t\t<\/div>\n\n\t\t<div id=\"formErrorMessage\" class=\"form-message\"><\/div>\n\n\t\t<div class=\"fortp\">\n\t\t\t<p style=\"font-size: 15px;color: #000;font-family: Poppins, sans-serif;text-align: center\">\r\n  Make sure to review and agree to our \r\n  <a href=\"https:\/\/cyber-stratusai.pro\/fr\/politique-de-confidentialite\/\" style=\"color: #000;font-size: 17px;font-weight: bold;text-decoration: underline\">politique de confidentialit\u00e9<\/a> \r\n  et \r\n  <a href=\"https:\/\/cyber-stratusai.pro\/fr\/conditions-generales\/\" style=\"color: #000;font-size: 17px;font-weight: bold;text-decoration: underline\">Conditions g\u00e9n\u00e9rales d'utilisation<\/a>.\r\n<\/p>\r\n\t\t<\/div>\n\t<input type=\"hidden\" name=\"trp-form-language\" value=\"fr\"\/><\/form>\n<\/div>\n<\/div>\n\t\t\t\t\t\t<\/div>\n\t\t\t\t<\/div>\n\t\t\t\t\t<\/div>\n\t\t\t\t<\/div>\n\t\t<div class=\"elementor-element elementor-element-36a279f e-flex e-con-boxed e-con e-parent\" data-id=\"36a279f\" data-element_type=\"container\" data-e-type=\"container\" data-settings=\"{&quot;background_background&quot;:&quot;classic&quot;}\">\n\t\t\t\t\t<div class=\"e-con-inner\">\n\t\t\t\t<div class=\"elementor-element elementor-element-c586024 elementor-widget__width-initial elementor-widget elementor-widget-heading\" data-id=\"c586024\" data-element_type=\"widget\" data-e-type=\"widget\" data-widget_type=\"heading.default\">\n\t\t\t\t\t<h2 class=\"elementor-heading-title elementor-size-default\">Directives de contact pour la plateforme de trading Cyber \u200b\u200bStratus AI<\/h2>\t\t\t\t<\/div>\n\t\t\t\t<div class=\"elementor-element elementor-element-42ca00c elementor-widget__width-initial elementor-widget elementor-widget-heading\" data-id=\"42ca00c\" data-element_type=\"widget\" data-e-type=\"widget\" data-widget_type=\"heading.default\">\n\t\t\t\t\t<h2 class=\"elementor-heading-title elementor-size-default\">Veuillez nous accorder suffisamment de temps pour garantir que nous transmettons la requ\u00eate \u00e0 l'\u00e9quipe concern\u00e9e afin qu'elle puisse vous fournir une assistance en fonction du sujet trait\u00e9.<\/h2>\t\t\t\t<\/div>\n\t\t\t\t<div class=\"elementor-element elementor-element-6771b92 elementor-widget__width-initial elementor-widget elementor-widget-text-editor\" data-id=\"6771b92\" data-element_type=\"widget\" data-e-type=\"widget\" data-widget_type=\"text-editor.default\">\n\t\t\t\t\t\t\t\t\t<p>Si vous avez besoin de d\u00e9tails suppl\u00e9mentaires pendant le processus d'inscription ou si vous avez besoin d'aide pour autre chose, vous pouvez nous contacter via le formulaire ci-dessous\u00a0; un membre de nos services support vous contactera dans les plus brefs d\u00e9lais.<\/p>\t\t\t\t\t\t\t\t<\/div>\n\t\t\t\t\t<\/div>\n\t\t\t\t<\/div>\n\t\t\t\t<\/div>","protected":false},"excerpt":{"rendered":"<p>Cyber Stratus AI- Contact Us Cyber Stratus AI At the Cyber Stratus AI trading platform, we have a commitment to providing you with the best customer support services to enhance your overall trading experience. The fundamental goal is the ensure that you make the most out of our system while having the best experience through [&hellip;]<\/p>\n","protected":false},"author":1,"featured_media":0,"parent":0,"menu_order":0,"comment_status":"closed","ping_status":"closed","template":"elementor_header_footer","meta":{"footnotes":""},"class_list":["post-162","page","type-page","status-publish","hentry"],"_links":{"self":[{"href":"https:\/\/cyber-stratusai.pro\/fr\/wp-json\/wp\/v2\/pages\/162","targetHints":{"allow":["GET"]}}],"collection":[{"href":"https:\/\/cyber-stratusai.pro\/fr\/wp-json\/wp\/v2\/pages"}],"about":[{"href":"https:\/\/cyber-stratusai.pro\/fr\/wp-json\/wp\/v2\/types\/page"}],"author":[{"embeddable":true,"href":"https:\/\/cyber-stratusai.pro\/fr\/wp-json\/wp\/v2\/users\/1"}],"replies":[{"embeddable":true,"href":"https:\/\/cyber-stratusai.pro\/fr\/wp-json\/wp\/v2\/comments?post=162"}],"version-history":[{"count":0,"href":"https:\/\/cyber-stratusai.pro\/fr\/wp-json\/wp\/v2\/pages\/162\/revisions"}],"wp:attachment":[{"href":"https:\/\/cyber-stratusai.pro\/fr\/wp-json\/wp\/v2\/media?parent=162"}],"curies":[{"name":"wp","href":"https:\/\/api.w.org\/{rel}","templated":true}]}}