{"id":121,"date":"2024-08-20T07:36:54","date_gmt":"2024-08-20T07:36:54","guid":{"rendered":"https:\/\/cyber-stratusai.pro\/?page_id=121"},"modified":"2025-02-17T12:41:18","modified_gmt":"2025-02-17T12:41:18","slug":"uber-uns","status":"publish","type":"page","link":"https:\/\/cyber-stratusai.pro\/de\/about-us\/","title":{"rendered":"\u00dcber uns"},"content":{"rendered":"<div data-elementor-type=\"wp-page\" data-elementor-id=\"121\" class=\"elementor elementor-121\" data-elementor-post-type=\"page\">\n\t\t\t\t<div class=\"elementor-element elementor-element-205133d e-flex e-con-boxed e-con e-parent\" data-id=\"205133d\" data-element_type=\"container\" data-e-type=\"container\" data-settings=\"{&quot;background_background&quot;:&quot;classic&quot;}\">\n\t\t\t\t\t<div class=\"e-con-inner\">\n\t\t\t\t<div class=\"elementor-element elementor-element-b069b40 elementor-widget elementor-widget-spacer\" data-id=\"b069b40\" data-element_type=\"widget\" data-e-type=\"widget\" data-widget_type=\"spacer.default\">\n\t\t\t\t\t\t\t<div class=\"elementor-spacer\">\n\t\t\t<div class=\"elementor-spacer-inner\"><\/div>\n\t\t<\/div>\n\t\t\t\t\t\t<\/div>\n\t\t\t\t<div class=\"elementor-element elementor-element-17892a5 elementor-widget elementor-widget-heading\" data-id=\"17892a5\" data-element_type=\"widget\" data-e-type=\"widget\" data-widget_type=\"heading.default\">\n\t\t\t\t\t<h1 class=\"elementor-heading-title elementor-size-default\">\u00dcber Cyber \u200b\u200bStratus AI<\/h1>\t\t\t\t<\/div>\n\t\t\t\t<div class=\"elementor-element elementor-element-bc719b5 elementor-widget elementor-widget-spacer\" data-id=\"bc719b5\" data-element_type=\"widget\" data-e-type=\"widget\" data-widget_type=\"spacer.default\">\n\t\t\t\t\t\t\t<div class=\"elementor-spacer\">\n\t\t\t<div class=\"elementor-spacer-inner\"><\/div>\n\t\t<\/div>\n\t\t\t\t\t\t<\/div>\n\t\t\t\t\t<\/div>\n\t\t\t\t<\/div>\n\t\t<div class=\"elementor-element elementor-element-cab1071 e-flex e-con-boxed e-con e-parent\" data-id=\"cab1071\" data-element_type=\"container\" data-e-type=\"container\" data-settings=\"{&quot;background_background&quot;:&quot;classic&quot;}\">\n\t\t\t\t\t<div class=\"e-con-inner\">\n\t\t\t\t<div class=\"elementor-element elementor-element-34b95ae elementor-widget elementor-widget-spacer\" data-id=\"34b95ae\" data-element_type=\"widget\" data-e-type=\"widget\" data-widget_type=\"spacer.default\">\n\t\t\t\t\t\t\t<div class=\"elementor-spacer\">\n\t\t\t<div class=\"elementor-spacer-inner\"><\/div>\n\t\t<\/div>\n\t\t\t\t\t\t<\/div>\n\t\t\t\t\t<\/div>\n\t\t\t\t<\/div>\n\t\t<div class=\"elementor-element elementor-element-7343047 e-flex e-con-boxed e-con e-parent\" data-id=\"7343047\" data-element_type=\"container\" data-e-type=\"container\">\n\t\t\t\t\t<div class=\"e-con-inner\">\n\t\t<div class=\"elementor-element elementor-element-4fe6b30 e-con-full e-flex e-con e-child\" data-id=\"4fe6b30\" data-element_type=\"container\" data-e-type=\"container\">\n\t\t\t\t<div class=\"elementor-element elementor-element-cf71c9a elementor-widget__width-initial elementor-widget elementor-widget-heading\" data-id=\"cf71c9a\" data-element_type=\"widget\" data-e-type=\"widget\" data-widget_type=\"heading.default\">\n\t\t\t\t\t<h2 class=\"elementor-heading-title elementor-size-default\">Was ist die Cyber \u200b\u200bStratus AI-Handelsplattform?<\/h2>\t\t\t\t<\/div>\n\t\t\t\t<div class=\"elementor-element elementor-element-74872eb elementor-widget__width-initial elementor-widget-tablet__width-initial elementor-widget elementor-widget-image\" data-id=\"74872eb\" data-element_type=\"widget\" data-e-type=\"widget\" data-widget_type=\"image.default\">\n\t\t\t\t\t\t\t\t\t\t\t\t\t\t\t<img fetchpriority=\"high\" decoding=\"async\" width=\"433\" height=\"328\" src=\"https:\/\/cyber-stratusai.pro\/wp-content\/uploads\/2024\/12\/img-10.webp\" class=\"attachment-large size-large wp-image-773\" alt=\"\" srcset=\"https:\/\/cyber-stratusai.pro\/wp-content\/uploads\/2024\/12\/img-10.webp 433w, https:\/\/cyber-stratusai.pro\/wp-content\/uploads\/2024\/12\/img-10-300x227.webp 300w, https:\/\/cyber-stratusai.pro\/wp-content\/uploads\/2024\/12\/img-10-16x12.webp 16w\" sizes=\"(max-width: 433px) 100vw, 433px\" \/>\t\t\t\t\t\t\t\t\t\t\t\t\t\t\t<\/div>\n\t\t\t\t<\/div>\n\t\t<div class=\"elementor-element elementor-element-eaa1d7a e-con-full e-flex e-con e-child\" data-id=\"eaa1d7a\" data-element_type=\"container\" data-e-type=\"container\">\n\t\t\t\t<div class=\"elementor-element elementor-element-4beacc8 elementor-widget elementor-widget-text-editor\" data-id=\"4beacc8\" data-element_type=\"widget\" data-e-type=\"widget\" data-widget_type=\"text-editor.default\">\n\t\t\t\t\t\t\t\t\t<p>Wir bieten Ihnen die Cyber \u200b\u200bStratus AI-Handelsplattform, eine renommierte Option in der Krypto-Handelsgemeinschaft. Unsere Handelsplattform ist f\u00fcr ihre erstaunlichen Funktionen bekannt, eignet sich f\u00fcr H\u00e4ndler aller Erfahrungsstufen und bietet ein optimiertes Erlebnis.<\/p><p>Greifen Sie auf alle Funktionen zu und genie\u00dfen Sie die erstaunlichen Vorteile, die unsere Plattform zu bieten hat. Verabschieden Sie sich von den immer gleichen, konventionellen Handelsplattformen, die Ihnen nur das Ausf\u00fchren von Handelsaktivit\u00e4ten erm\u00f6glichen, und begr\u00fc\u00dfen Sie eine robuste und fortschrittliche Handelsplattform, die Ihnen durch die Verwendung innovativer Funktionen das Durchf\u00fchren von Trades mit absoluter Genauigkeit und Logik erm\u00f6glicht.<\/p><p>Und denken Sie nicht, dass die Cyber \u200b\u200bStratus AI-Handelsplattform nur ein weiterer Ort zum Handel mit Kryptow\u00e4hrungen ist. Vielmehr handelt es sich um eine Community dynamischer Menschen, die zum Bereich des Kryptohandels geh\u00f6ren und dieselbe Leidenschaft wie Sie teilen.<\/p><p>F\u00fchren Sie intelligente Trades mit der KI-Handelsplattform Cyber \u200b\u200bStratus durch, die Marktbewegungen genau beobachtet und automatisierte Handelsbewegungen in weniger als einem Sekundenbruchteil ausf\u00fchrt \u2013 viel schneller als die Konkurrenz. Mit dieser Plattform an Ihrer Seite k\u00f6nnen Sie die Leistungsf\u00e4higkeit der KI-Technologie f\u00fcr den Krypto-Handel nutzen. Werden Sie noch heute Mitglied unserer Plattform und finden Sie heraus, was sie von anderen Handelsplattformen unterscheidet!<\/p>\t\t\t\t\t\t\t\t<\/div>\n\t\t\t\t<\/div>\n\t\t\t\t\t<\/div>\n\t\t\t\t<\/div>\n\t\t<div class=\"elementor-element elementor-element-5e679ac e-flex e-con-boxed e-con e-parent\" data-id=\"5e679ac\" data-element_type=\"container\" data-e-type=\"container\" data-settings=\"{&quot;background_background&quot;:&quot;classic&quot;}\">\n\t\t\t\t\t<div class=\"e-con-inner\">\n\t\t\t\t<div class=\"elementor-element elementor-element-b6ccbac elementor-widget__width-initial elementor-align-center elementor-widget elementor-widget-button\" data-id=\"b6ccbac\" data-element_type=\"widget\" data-e-type=\"widget\" data-widget_type=\"button.default\">\n\t\t\t\t\t\t\t\t\t\t<a class=\"elementor-button elementor-button-link elementor-size-sm\" href=\"https:\/\/cyber-stratusai.pro\/de\/kontaktieren-sie-uns\/\">\n\t\t\t\t\t\t<span class=\"elementor-button-content-wrapper\">\n\t\t\t\t\t\t\t\t\t<span class=\"elementor-button-text\">ERHALTEN SIE ZUGANG ZU Cyber \u200b\u200bStratus AI<\/span>\n\t\t\t\t\t<\/span>\n\t\t\t\t\t<\/a>\n\t\t\t\t\t\t\t\t<\/div>\n\t\t\t\t\t<\/div>\n\t\t\t\t<\/div>\n\t\t<div class=\"elementor-element elementor-element-04f08a4 e-con-full e-flex e-con e-parent\" data-id=\"04f08a4\" data-element_type=\"container\" data-e-type=\"container\">\n\t\t<div class=\"elementor-element elementor-element-36e89e6 e-con-full e-flex e-con e-child\" data-id=\"36e89e6\" data-element_type=\"container\" data-e-type=\"container\" data-settings=\"{&quot;background_background&quot;:&quot;classic&quot;}\">\n\t\t\t\t<\/div>\n\t\t<div class=\"elementor-element elementor-element-7c7ecc9 e-con-full e-flex e-con e-child\" data-id=\"7c7ecc9\" data-element_type=\"container\" data-e-type=\"container\" data-settings=\"{&quot;background_background&quot;:&quot;classic&quot;}\">\n\t\t\t\t<div class=\"elementor-element elementor-element-4bd0149 elementor-widget elementor-widget-heading\" data-id=\"4bd0149\" data-element_type=\"widget\" data-e-type=\"widget\" data-widget_type=\"heading.default\">\n\t\t\t\t\t<h2 class=\"elementor-heading-title elementor-size-default\">Die Vorteile der Cyber \u200b\u200bStratus AI Trading-Plattform<\/h2>\t\t\t\t<\/div>\n\t\t\t\t<div class=\"elementor-element elementor-element-3588702 elementor-widget elementor-widget-text-editor\" data-id=\"3588702\" data-element_type=\"widget\" data-e-type=\"widget\" data-widget_type=\"text-editor.default\">\n\t\t\t\t\t\t\t\t\t<p>Der Cyber \u200b\u200bStratus AI-Handel verwendet Statistiken, Logik und mathematische Algorithmen, die das Verlustrisiko reduzieren, das Sie aufgrund emotionaler Intelligenz erlitten h\u00e4tten. Es f\u00fchrt eine ordnungsgem\u00e4\u00dfe technische und grundlegende Analyse durch, nachdem es Marktdaten in Echtzeit gesammelt und fachm\u00e4nnisch analysiert hat. Alles in allem erm\u00f6glicht es Ihnen, Ihre Handelsaktivit\u00e4ten ohne gro\u00dfen Aufwand durchzuf\u00fchren.<\/p><p>Die Plattform bietet Ihnen au\u00dferdem eine Backtesting-Funktion, mit der Sie die Einstellungen im Hinblick auf fr\u00fchere Marktbewegungen analysieren k\u00f6nnen. Mit diesem Tool k\u00f6nnen Sie sicherstellen, dass die von Ihnen gew\u00e4hlten Einstellungen die Rentabilit\u00e4t steigern und Ihnen die besten Ergebnisse erm\u00f6glichen.<\/p><p>Mit der Cyber \u200b\u200bStratus AI-Handelsplattform haben H\u00e4ndler die M\u00f6glichkeit, zwischen automatischen oder manuellen Handelsoptionen zu w\u00e4hlen. Unser Ziel ist es, H\u00e4ndlern Dienstleistungen basierend auf ihrem Kompetenzniveau, ihrer Verf\u00fcgbarkeit, ihrem Handelsstil oder ihren Interessen anzubieten. Sie k\u00f6nnen mit dieser Handelsplattform auch mehrere Konten erstellen, Ihre Strategien testen und vieles mehr tun.<\/p>\t\t\t\t\t\t\t\t<\/div>\n\t\t\t\t<\/div>\n\t\t\t\t<\/div>\n\t\t<div class=\"elementor-element elementor-element-5d25f28 e-flex e-con-boxed e-con e-parent\" data-id=\"5d25f28\" data-element_type=\"container\" data-e-type=\"container\">\n\t\t\t\t\t<div class=\"e-con-inner\">\n\t\t\t\t<div class=\"elementor-element elementor-element-7f3e196 elementor-widget elementor-widget-spacer\" data-id=\"7f3e196\" data-element_type=\"widget\" data-e-type=\"widget\" data-widget_type=\"spacer.default\">\n\t\t\t\t\t\t\t<div class=\"elementor-spacer\">\n\t\t\t<div class=\"elementor-spacer-inner\"><\/div>\n\t\t<\/div>\n\t\t\t\t\t\t<\/div>\n\t\t\t\t\t<\/div>\n\t\t\t\t<\/div>\n\t\t<div class=\"elementor-element elementor-element-53f49eb e-flex e-con-boxed e-con e-parent\" data-id=\"53f49eb\" data-element_type=\"container\" data-e-type=\"container\" data-settings=\"{&quot;background_background&quot;:&quot;classic&quot;}\">\n\t\t\t\t\t<div class=\"e-con-inner\">\n\t\t<div class=\"elementor-element elementor-element-e610b19 e-con-full e-flex e-con e-child\" data-id=\"e610b19\" data-element_type=\"container\" data-e-type=\"container\" data-settings=\"{&quot;background_background&quot;:&quot;classic&quot;}\">\n\t\t\t\t<div class=\"elementor-element elementor-element-c79b414 elementor-widget elementor-widget-heading\" data-id=\"c79b414\" data-element_type=\"widget\" data-e-type=\"widget\" data-widget_type=\"heading.default\">\n\t\t\t\t\t<h2 class=\"elementor-heading-title elementor-size-default\">Ein komplettes Kraftpaket<\/h2>\t\t\t\t<\/div>\n\t\t\t\t<div class=\"elementor-element elementor-element-d6b1420 elementor-widget elementor-widget-text-editor\" data-id=\"d6b1420\" data-element_type=\"widget\" data-e-type=\"widget\" data-widget_type=\"text-editor.default\">\n\t\t\t\t\t\t\t\t\t<p>Die Cyber \u200b\u200bStratus AI-Handelsplattform wurde mit Blick auf die Benutzerfreundlichkeit von Online-H\u00e4ndlern entwickelt. Unser Ziel ist es, allen ein optimiertes Erlebnis zu bieten \u2013 egal, ob Sie Anf\u00e4nger oder erfahrener Profi sind. Mit der Cyber \u200b\u200bStratus AI-Handelsplattform an Ihrer Seite k\u00f6nnen Sie in die Welt der Kryptow\u00e4hrung einsteigen, auch wenn Sie keine Vorkenntnisse dar\u00fcber haben. Mit dieser robusten Plattform k\u00f6nnen Sie Ihre Handelskarriere ohne vorherige F\u00e4higkeiten oder Erfahrungen beginnen. Sie erspart Ihnen die einsch\u00fcchternde Herausforderung, Einblicke in den Handel zu gewinnen, da Sie Ihre Handelsreise ohne allzu gro\u00dfe Probleme oder M\u00fchen in irgendeiner Weise beginnen k\u00f6nnen.<\/p>\t\t\t\t\t\t\t\t<\/div>\n\t\t\t\t<\/div>\n\t\t<div class=\"elementor-element elementor-element-9be15c0 e-con-full e-flex e-con e-child\" data-id=\"9be15c0\" data-element_type=\"container\" data-e-type=\"container\" data-settings=\"{&quot;background_background&quot;:&quot;classic&quot;}\">\n\t\t\t\t<div class=\"elementor-element elementor-element-5668e7b elementor-widget elementor-widget-heading\" data-id=\"5668e7b\" data-element_type=\"widget\" data-e-type=\"widget\" data-widget_type=\"heading.default\">\n\t\t\t\t\t<h2 class=\"elementor-heading-title elementor-size-default\">Bewertungen der Cyber \u200b\u200bStratus AI-Handelsplattform durch H\u00e4ndler<\/h2>\t\t\t\t<\/div>\n\t\t\t\t<div class=\"elementor-element elementor-element-4cf3670 elementor-widget elementor-widget-text-editor\" data-id=\"4cf3670\" data-element_type=\"widget\" data-e-type=\"widget\" data-widget_type=\"text-editor.default\">\n\t\t\t\t\t\t\t\t\t<p>Die Cyber \u200b\u200bStratus AI-Handelsplattform bietet eine Reihe von Tools, die Ihnen dabei helfen sollen, die besten Ergebnisse zu erzielen. Mit sowohl manuellen als auch vollautomatischen Optionen optimiert sie den gesamten Prozess des Krypto-Handels. Das automatisierte System hinter der Cyber \u200b\u200bStratus AI-Handelsplattform verwendet komplexe Algorithmen und KI-Funktionen zur \u00dcberpr\u00fcfung von Marktdaten und f\u00fchrt Trades mit einer erstaunlichen Genauigkeitsrate von 99,4 % durch. Aber das Beste ist der Vorsprung von 0,01 Sekunden gegen\u00fcber Konkurrenzsoftware. Unsere Krypto- und Bitcoin-Handelssoftware hat sich im ganzen Land einen Namen gemacht und wurde sogar von der US Trading Association f\u00fcr den f\u00fchrenden Platz in der Kategorie Handelssoftware ausgezeichnet. Mit einer benutzerfreundlichen Oberfl\u00e4che k\u00f6nnen Sie ein sicheres Krypto-Handelserlebnis haben.<\/p>\t\t\t\t\t\t\t\t<\/div>\n\t\t\t\t<\/div>\n\t\t<div class=\"elementor-element elementor-element-dd1134f e-con-full e-flex e-con e-child\" data-id=\"dd1134f\" data-element_type=\"container\" data-e-type=\"container\" data-settings=\"{&quot;background_background&quot;:&quot;classic&quot;}\">\n\t\t\t\t<div class=\"elementor-element elementor-element-0cb2adf elementor-widget elementor-widget-heading\" data-id=\"0cb2adf\" data-element_type=\"widget\" data-e-type=\"widget\" data-widget_type=\"heading.default\">\n\t\t\t\t\t<h2 class=\"elementor-heading-title elementor-size-default\">Die H\u00f6hle der L\u00f6wen<\/h2>\t\t\t\t<\/div>\n\t\t\t\t<div class=\"elementor-element elementor-element-6734536 elementor-widget elementor-widget-text-editor\" data-id=\"6734536\" data-element_type=\"widget\" data-e-type=\"widget\" data-widget_type=\"text-editor.default\">\n\t\t\t\t\t\t\t\t\t<p>Die Cyber \u200b\u200bStratus AI-Handelsplattform ist v\u00f6llig unabh\u00e4ngig von Dragons Den, auch bekannt als Bitcoin Loophole-Betrug. Dabei handelt es sich um einen Betrug, der als revolution\u00e4re Software operiert und unschuldige Investoren in ein Scheingesch\u00e4ft lockt. Es ist wichtig, die Tatsache hervorzuheben, dass Dragons Den weder die Cyber \u200b\u200bStratus AI-Handelsplattform in ihrer Show vorstellte, noch ihre Entwickler oder die Software selbst unterst\u00fctzte. Es ist wichtig, Vorsicht walten zu lassen und sich von Ver\u00f6ffentlichungen oder Anzeigen fernzuhalten, die falsche Versprechungen machen, da sie keine Verbindung zur Cyber \u200b\u200bStratus AI-Handelsplattform haben. Daher kann der Wert der Urteilskraft nicht hoch genug eingesch\u00e4tzt werden, da Dragons Den den guten Ruf unseres Hauptangebots und der Prominenten in der Show auf betr\u00fcgerische Weise ausnutzte, um Menschen zu betr\u00fcgen.<\/p>\t\t\t\t\t\t\t\t<\/div>\n\t\t\t\t<\/div>\n\t\t\t\t\t<\/div>\n\t\t\t\t<\/div>\n\t\t<div class=\"elementor-element elementor-element-31a2f7b e-flex e-con-boxed e-con e-parent\" data-id=\"31a2f7b\" data-element_type=\"container\" data-e-type=\"container\" data-settings=\"{&quot;background_background&quot;:&quot;classic&quot;}\">\n\t\t\t\t\t<div class=\"e-con-inner\">\n\t\t\t\t<div class=\"elementor-element elementor-element-07921c2 elementor-widget elementor-widget-spacer\" data-id=\"07921c2\" data-element_type=\"widget\" data-e-type=\"widget\" data-widget_type=\"spacer.default\">\n\t\t\t\t\t\t\t<div class=\"elementor-spacer\">\n\t\t\t<div class=\"elementor-spacer-inner\"><\/div>\n\t\t<\/div>\n\t\t\t\t\t\t<\/div>\n\t\t\t\t<div class=\"elementor-element elementor-element-a80dc33 elementor-widget__width-initial elementor-widget elementor-widget-heading\" data-id=\"a80dc33\" data-element_type=\"widget\" data-e-type=\"widget\" data-widget_type=\"heading.default\">\n\t\t\t\t\t<h2 class=\"elementor-heading-title elementor-size-default\">STARTEN SIE MIT DER Cyber \u200b\u200bStratus AI TRADING PLATFORM<\/h2>\t\t\t\t<\/div>\n\t\t\t\t<div class=\"elementor-element elementor-element-97d18a7 elementor-align-center elementor-widget elementor-widget-button\" data-id=\"97d18a7\" data-element_type=\"widget\" data-e-type=\"widget\" data-widget_type=\"button.default\">\n\t\t\t\t\t\t\t\t\t\t<a class=\"elementor-button elementor-button-link elementor-size-sm\" href=\"https:\/\/cyber-stratusai.pro\/de\/kontaktieren-sie-uns\/\">\n\t\t\t\t\t\t<span class=\"elementor-button-content-wrapper\">\n\t\t\t\t\t\t\t\t\t<span class=\"elementor-button-text\">Sicher registrieren<\/span>\n\t\t\t\t\t<\/span>\n\t\t\t\t\t<\/a>\n\t\t\t\t\t\t\t\t<\/div>\n\t\t\t\t<div class=\"elementor-element elementor-element-a2a8f73 elementor-widget elementor-widget-spacer\" data-id=\"a2a8f73\" data-element_type=\"widget\" data-e-type=\"widget\" data-widget_type=\"spacer.default\">\n\t\t\t\t\t\t\t<div class=\"elementor-spacer\">\n\t\t\t<div class=\"elementor-spacer-inner\"><\/div>\n\t\t<\/div>\n\t\t\t\t\t\t<\/div>\n\t\t\t\t\t<\/div>\n\t\t\t\t<\/div>\n\t\t\t\t<\/div>","protected":false},"excerpt":{"rendered":"<p>About Cyber Stratus AI What is Cyber Stratus AI Trading Platform? Bring you the Cyber Stratus AI trading platform, a renowned option in the crypto trading fraternity. Knowing for its amazing set of features, our trading platform is suitable for traders at all experience levels, providing a streamlined experience. Access all the features and enjoy [&hellip;]<\/p>\n","protected":false},"author":1,"featured_media":0,"parent":0,"menu_order":0,"comment_status":"closed","ping_status":"closed","template":"elementor_header_footer","meta":{"footnotes":""},"class_list":["post-121","page","type-page","status-publish","hentry"],"_links":{"self":[{"href":"https:\/\/cyber-stratusai.pro\/de\/wp-json\/wp\/v2\/pages\/121","targetHints":{"allow":["GET"]}}],"collection":[{"href":"https:\/\/cyber-stratusai.pro\/de\/wp-json\/wp\/v2\/pages"}],"about":[{"href":"https:\/\/cyber-stratusai.pro\/de\/wp-json\/wp\/v2\/types\/page"}],"author":[{"embeddable":true,"href":"https:\/\/cyber-stratusai.pro\/de\/wp-json\/wp\/v2\/users\/1"}],"replies":[{"embeddable":true,"href":"https:\/\/cyber-stratusai.pro\/de\/wp-json\/wp\/v2\/comments?post=121"}],"version-history":[{"count":0,"href":"https:\/\/cyber-stratusai.pro\/de\/wp-json\/wp\/v2\/pages\/121\/revisions"}],"wp:attachment":[{"href":"https:\/\/cyber-stratusai.pro\/de\/wp-json\/wp\/v2\/media?parent=121"}],"curies":[{"name":"wp","href":"https:\/\/api.w.org\/{rel}","templated":true}]}}